{"id":318,"date":"2014-08-20T21:13:22","date_gmt":"2014-08-20T19:13:22","guid":{"rendered":"http:\/\/www.gartenimker.de\/\/?page_id=318"},"modified":"2018-06-05T10:57:07","modified_gmt":"2018-06-05T08:57:07","slug":"impressum","status":"publish","type":"page","link":"https:\/\/www.gartenimker.de\/?page_id=318","title":{"rendered":"IMPRESSUM"},"content":{"rendered":"<div class=\"article-content\" style=\"color: #333333;\">\n<h4>Betreiber:<\/h4>\n<p>Frank Korn<br \/>\n99092 Erfurt<br \/>\nDahlienstra\u00dfe 24<\/p>\n<p>Tel. 0361 2666564<\/p>\n<p>E-Mail:\u00a0<a style=\"color: #333333;\" href=\"mailto:frank@gartenimker.de\">frank@gartenimker.de<\/a><br \/>\nWebsite:\u00a0<a style=\"color: #333333;\" href=\"https:\/\/www.gartenimker.de\/\" target=\"new\">www.gartenimker.de<\/a><\/p>\n<p>Die ganze Website ist ein privates Hobby.<\/p>\n<p><strong>Haftungsausschluss<\/strong><br \/>\nMit dem Urteil vom 12. Mai 1998 hat das Landgericht Hamburg entschieden, dass man durch die Anbringung eines Links die Inhalte der gelinkten Seiten u. U. mit zu verantworten hat. Dies kann, so das LG, nur dadurch verhindert werden, dass man sich ausdr\u00fccklich von diesen Inhalten distanziert. Ich habe auf unseren Seiten Links zu anderen Seiten im Internet aufgenommen.<\/p>\n<p>F\u00fcr alle diese Links gilt: Der Betreiber dieser Seite erkl\u00e4rt ausdr\u00fccklich, dass er keinen Einfluss auf die Gestaltung und den Inhalt der gelinkten Seiten hat. Deshalb distanziere ich mich hiermit ausdr\u00fccklich von allen Inhalten aller gelinkten Seiten dieser Homepage und ich mache mir deren Inhalt nicht zu eigen. Diese Erkl\u00e4rung gilt f\u00fcr alle auf dieser Homepage angezeigten Links und f\u00fcr alle Inhalte der Seiten, zu denen die hier aufgef\u00fchrten Links f\u00fchren. Ich \u00fcbernehme keinerlei Gew\u00e4hr f\u00fcr die Aktualit\u00e4t, Korrektheit, Vollst\u00e4ndigkeit oder Qualit\u00e4t der bereitgestellten Informationen. Haftungsanspr\u00fcche gegen die Autoren, welche sich auf Sch\u00e4den materieller oder ideeller Art beziehen, die durch die Nutzung oder Nichtnutzung der dargebotenen Informationen bzw. durch die Nutzung fehlerhafter und unvollst\u00e4ndiger Informationen verursacht wurden, sind grunds\u00e4tzlich ausgeschlossen, sofern seitens der Autoren kein nachweislich vors\u00e4tzliches oder grob fahrl\u00e4ssiges Verschulden vorliegt.<\/p>\n<p><strong>Datenschutz:<\/strong><br \/>\nDie im Rahmen dieser Internetseite erhobenen personengebundenen Daten werden ausschlie\u00dflich zum Zweck der Bearbeitung Ihrer Anfragen genutzt und<br \/>\nnicht an Dritte weitergegeben.<\/p>\n<\/div>\n<p>&nbsp;<\/p>\n","protected":false},"excerpt":{"rendered":"<p>Betreiber: Frank Korn 99092 Erfurt Dahlienstra\u00dfe 24 Tel. 0361 2666564 E-Mail:\u00a0frank@gartenimker.de Website:\u00a0www.gartenimker.de Die ganze Website ist ein privates Hobby. Haftungsausschluss Mit dem Urteil vom 12. Mai 1998 hat das Landgericht Hamburg entschieden, dass man durch die Anbringung eines Links die Inhalte der gelinkten Seiten u. U. mit zu verantworten hat. Dies kann, so das LG, [&hellip;]<\/p>\n","protected":false},"author":1,"featured_media":0,"parent":0,"menu_order":0,"comment_status":"closed","ping_status":"closed","template":"","meta":{"ngg_post_thumbnail":0},"_links":{"self":[{"href":"https:\/\/www.gartenimker.de\/index.php?rest_route=\/wp\/v2\/pages\/318"}],"collection":[{"href":"https:\/\/www.gartenimker.de\/index.php?rest_route=\/wp\/v2\/pages"}],"about":[{"href":"https:\/\/www.gartenimker.de\/index.php?rest_route=\/wp\/v2\/types\/page"}],"author":[{"embeddable":true,"href":"https:\/\/www.gartenimker.de\/index.php?rest_route=\/wp\/v2\/users\/1"}],"replies":[{"embeddable":true,"href":"https:\/\/www.gartenimker.de\/index.php?rest_route=%2Fwp%2Fv2%2Fcomments&post=318"}],"version-history":[{"count":4,"href":"https:\/\/www.gartenimker.de\/index.php?rest_route=\/wp\/v2\/pages\/318\/revisions"}],"predecessor-version":[{"id":800,"href":"https:\/\/www.gartenimker.de\/index.php?rest_route=\/wp\/v2\/pages\/318\/revisions\/800"}],"wp:attachment":[{"href":"https:\/\/www.gartenimker.de\/index.php?rest_route=%2Fwp%2Fv2%2Fmedia&parent=318"}],"curies":[{"name":"wp","href":"https:\/\/api.w.org\/{rel}","templated":true}]}}