{"id":34,"date":"2014-08-18T11:01:58","date_gmt":"2014-08-18T09:01:58","guid":{"rendered":"http:\/\/www.gartenimker.de\/\/?page_id=34"},"modified":"2016-03-06T17:23:11","modified_gmt":"2016-03-06T15:23:11","slug":"hobbys","status":"publish","type":"page","link":"https:\/\/www.gartenimker.de\/?page_id=34","title":{"rendered":"Hobby&#8217;s"},"content":{"rendered":"<p><img loading=\"lazy\" class=\"alignleft size-medium wp-image-715\" src=\"https:\/\/www.gartenimker.de\/\/wp-content\/uploads\/2014\/08\/frhjahr-21-300x200.jpg\" alt=\"frhjahr-2\" width=\"300\" height=\"200\" srcset=\"https:\/\/www.gartenimker.de\/wp-content\/uploads\/2014\/08\/frhjahr-21-300x200.jpg 300w, https:\/\/www.gartenimker.de\/wp-content\/uploads\/2014\/08\/frhjahr-21.jpg 450w\" sizes=\"(max-width: 300px) 100vw, 300px\" \/><\/p>\n<p><strong>Fotografie:<\/strong><\/p>\n<p>Auch wenn ich die meiste (frei-)Zeit im Garten bei meinen Bienen verbringe, so habe ich noch ein paar andere Hobbys. So bin ich ja eigentlich \u00fcber die Fotografie zu den Bienen gekommen. Klar Makrofotografie ist eigentlich mein Steckenpferd gewesen.<br \/>\n(link zu meiner Fotoseite:\u00a0<a href=\"http:\/\/www.fkorn.de\" target=\"_blank\">www.fkorn.de<\/a>)<\/p>\n<h4><strong>Zeichnen:<\/strong><\/h4>\n<p>Etliche Jahre habe ich in der Zeichengruppe von Horst Wagner gezeichnet. Eine sehr sch\u00f6ne Zeit die ich nicht missen m\u00f6chte. Ich hoffe sehr das ich in den n\u00e4chsten Monaten oder Jahren wieder mehr Zeit dazu finde, doch dazu muss ich mein Imkerei ein wenig effizierter gestalten \ud83d\ude42<\/p>\n<h4><strong>Wetter:<\/strong><\/h4>\n<p>Das h\u00e4ngt direkt mit den Bienen zusammen, ist aber fast ein extra Hobby geworden,\u00a0siehe Men\u00fc &gt;Wetter&lt;<\/p>\n<p>&nbsp;<\/p>\n","protected":false},"excerpt":{"rendered":"<p>Fotografie: Auch wenn ich die meiste (frei-)Zeit im Garten bei meinen Bienen verbringe, so habe ich noch ein paar andere Hobbys. So bin ich ja eigentlich \u00fcber die Fotografie zu den Bienen gekommen. Klar Makrofotografie ist eigentlich mein Steckenpferd gewesen. (link zu meiner Fotoseite:\u00a0www.fkorn.de) Zeichnen: Etliche Jahre habe ich in der Zeichengruppe von Horst Wagner [&hellip;]<\/p>\n","protected":false},"author":1,"featured_media":0,"parent":0,"menu_order":0,"comment_status":"closed","ping_status":"closed","template":"","meta":{"ngg_post_thumbnail":0},"_links":{"self":[{"href":"https:\/\/www.gartenimker.de\/index.php?rest_route=\/wp\/v2\/pages\/34"}],"collection":[{"href":"https:\/\/www.gartenimker.de\/index.php?rest_route=\/wp\/v2\/pages"}],"about":[{"href":"https:\/\/www.gartenimker.de\/index.php?rest_route=\/wp\/v2\/types\/page"}],"author":[{"embeddable":true,"href":"https:\/\/www.gartenimker.de\/index.php?rest_route=\/wp\/v2\/users\/1"}],"replies":[{"embeddable":true,"href":"https:\/\/www.gartenimker.de\/index.php?rest_route=%2Fwp%2Fv2%2Fcomments&post=34"}],"version-history":[{"count":5,"href":"https:\/\/www.gartenimker.de\/index.php?rest_route=\/wp\/v2\/pages\/34\/revisions"}],"predecessor-version":[{"id":779,"href":"https:\/\/www.gartenimker.de\/index.php?rest_route=\/wp\/v2\/pages\/34\/revisions\/779"}],"wp:attachment":[{"href":"https:\/\/www.gartenimker.de\/index.php?rest_route=%2Fwp%2Fv2%2Fmedia&parent=34"}],"curies":[{"name":"wp","href":"https:\/\/api.w.org\/{rel}","templated":true}]}}