{"id":40,"date":"2014-08-18T11:04:57","date_gmt":"2014-08-18T09:04:57","guid":{"rendered":"http:\/\/www.gartenimker.de\/\/?page_id=40"},"modified":"2024-01-03T19:05:37","modified_gmt":"2024-01-03T17:05:37","slug":"meine-imkerei","status":"publish","type":"page","link":"https:\/\/www.gartenimker.de\/","title":{"rendered":"Meine Imkerei&#8230;. gibt es nicht mehr!"},"content":{"rendered":"<div id=\"ja-contentwrap\" style=\"color: #333333;\">\n<div id=\"ja-content\">\n<div class=\"article-content\">\n<p style=\"color: #333333;\">(link zu meiner Fotoseite:&nbsp;<a href=\"http:\/\/www.fkorn.de\" target=\"_blank\" rel=\"noopener\">www.fkorn.de<\/a>)<\/p>\n<p style=\"color: #333333;\"><a href=\"https:\/\/www.gartenimker.de\/\/wp-content\/uploads\/2014\/08\/arbeit_2.jpg\"><img loading=\"lazy\" class=\"alignleft size-medium wp-image-599\" src=\"https:\/\/www.gartenimker.de\/\/wp-content\/uploads\/2014\/08\/arbeit_2-300x225.jpg\" alt=\"arbeit_2\" width=\"300\" height=\"225\" srcset=\"https:\/\/www.gartenimker.de\/wp-content\/uploads\/2014\/08\/arbeit_2-300x225.jpg 300w, https:\/\/www.gartenimker.de\/wp-content\/uploads\/2014\/08\/arbeit_2-624x468.jpg 624w, https:\/\/www.gartenimker.de\/wp-content\/uploads\/2014\/08\/arbeit_2.jpg 640w\" sizes=\"(max-width: 300px) 100vw, 300px\" \/><\/a><\/p>\n<p><span style=\"color: #333333;\">Nach 15 Jahren Bienen, die ich nicht missen m\u00f6chte, habe ich mich entschlossen die Bienenhaltung zum Ende des Jahres 2023 einzustellen und mich von den Bienengarten zu trennen. Es war eine sehr sch\u00f6ne Zeit mit meinen Bienen und nat\u00fcrlich auch mit meinen treuen Honigkunden! Daf\u00fcr sage ich hier an dieser Stelle: <\/span><b style=\"color: #333333;\">Vielen Dank! <\/b><\/p>\n<p>Ein besonderer Dank gilt allen meinen Bienenfreunden die mich in der Zeit mit Rat- und Tat <span style=\"color: #333333;\">unterst\u00fctzten<\/span> &nbsp;oder auch &#8222;nur&#8220; den Bierkasten teilten!&nbsp; Nicht zu vergessen ist auch der Imkerverein Erfurt und die Beobachter im Landesverband Th\u00fcringer Imker e.V.<\/p>\n<p style=\"color: #333333;\">&nbsp;<\/p>\n<\/div>\n<\/div>\n<\/div>\n\n\n<p><\/p>\n","protected":false},"excerpt":{"rendered":"<p>(link zu meiner Fotoseite:&nbsp;www.fkorn.de) Nach 15 Jahren Bienen, die ich nicht missen m\u00f6chte, habe ich mich entschlossen die Bienenhaltung zum Ende des Jahres 2023 einzustellen und mich von den Bienengarten zu trennen. Es war eine sehr sch\u00f6ne Zeit mit meinen Bienen und nat\u00fcrlich auch mit meinen treuen Honigkunden! Daf\u00fcr sage ich hier an dieser Stelle: [&hellip;]<\/p>\n","protected":false},"author":1,"featured_media":0,"parent":0,"menu_order":1,"comment_status":"closed","ping_status":"closed","template":"","meta":{"ngg_post_thumbnail":0},"_links":{"self":[{"href":"https:\/\/www.gartenimker.de\/index.php?rest_route=\/wp\/v2\/pages\/40"}],"collection":[{"href":"https:\/\/www.gartenimker.de\/index.php?rest_route=\/wp\/v2\/pages"}],"about":[{"href":"https:\/\/www.gartenimker.de\/index.php?rest_route=\/wp\/v2\/types\/page"}],"author":[{"embeddable":true,"href":"https:\/\/www.gartenimker.de\/index.php?rest_route=\/wp\/v2\/users\/1"}],"replies":[{"embeddable":true,"href":"https:\/\/www.gartenimker.de\/index.php?rest_route=%2Fwp%2Fv2%2Fcomments&post=40"}],"version-history":[{"count":25,"href":"https:\/\/www.gartenimker.de\/index.php?rest_route=\/wp\/v2\/pages\/40\/revisions"}],"predecessor-version":[{"id":994,"href":"https:\/\/www.gartenimker.de\/index.php?rest_route=\/wp\/v2\/pages\/40\/revisions\/994"}],"wp:attachment":[{"href":"https:\/\/www.gartenimker.de\/index.php?rest_route=%2Fwp%2Fv2%2Fmedia&parent=40"}],"curies":[{"name":"wp","href":"https:\/\/api.w.org\/{rel}","templated":true}]}}