{"id":44,"date":"2014-08-18T11:06:54","date_gmt":"2014-08-18T09:06:54","guid":{"rendered":"http:\/\/www.gartenimker.de\/\/?page_id=44"},"modified":"2021-09-15T10:13:20","modified_gmt":"2021-09-15T08:13:20","slug":"die-honigernte-und-verarbeitung","status":"publish","type":"page","link":"https:\/\/www.gartenimker.de\/?page_id=44","title":{"rendered":"Die Honigernte"},"content":{"rendered":"<p><strong>&#8230;&nbsp;und Verarbeitung<br \/>\n<img loading=\"lazy\" class=\"alignleft wp-image-497 size-medium\" src=\"https:\/\/www.gartenimker.de\/\/wp-content\/uploads\/2014\/08\/imker_01-300x225.jpg\" alt=\"imker_01\" width=\"300\" height=\"225\" srcset=\"https:\/\/www.gartenimker.de\/wp-content\/uploads\/2014\/08\/imker_01-300x225.jpg 300w, https:\/\/www.gartenimker.de\/wp-content\/uploads\/2014\/08\/imker_01.jpg 364w\" sizes=\"(max-width: 300px) 100vw, 300px\" \/><\/strong><\/p>\n<p>Ich bin, obwohl ich inzwischen 3 Standpl\u00e4tze habe, Standimker. Wanderimker haben einen Bienenwagen mit dem sie in die verschiedenen (ma\u00dfen) Trachten wie z.B. Obst, Raps oder Sonnenblume wandern.Da ich nicht in die Monokulturen wandere kann ich auch keine sortenreinen Honige ernten, so einfach ist das!<\/p>\n<h5>In meiner kleinen Imkerei kann ich in guten Jahren 3 mal ernten<\/h5>\n<ul>\n<li>1. Wenn die Weide sehr stark honigt, und dadurch die Bienenv\u00f6lker zur Obstbl\u00fcte schon sehr stark sind,&nbsp;&nbsp;kann&nbsp;<strong>Obsthonig<\/strong>&nbsp;geerntet werden. In schlechten Jahren wird der Nektar&nbsp;allerdings zum Aufbau des Bienenvolkes gebraucht.<\/li>\n<li>2. Im Mai gibt es normaler weise den ersten&nbsp;<strong>Fr\u00fchjahrshonig<\/strong>. Ein besonders Fruchtiger Honig aus Obst, Raps und anderen Fr\u00fchbl\u00fcher.<\/li>\n<li>3. Nach einer kleinen Trachtl\u00fccke folgen dann Linde, Himbeere und anders Sommerbl\u00fcher die dann den kr\u00e4ftigen&nbsp;<strong>Sommerhonig&nbsp;<\/strong>ergeben.<\/li>\n<\/ul>\n<!-- index.php -->\n<div\n\tclass=\"ngg-galleryoverview ngg-ajax-pagination-none\"\n\tid=\"ngg-gallery-b6a5ba423c3fcef168c0b9c6b8154949-1\">\n\n    \t<div class=\"slideshowlink\">\n        <a href='https:\/\/www.gartenimker.de\/index.php\/nggallery\/slideshow?page_id=44'>[Show slideshow]<\/a>\n\t\t\n\t<\/div>\n\t\t\t<!-- Thumbnails -->\n\t\t\t\t<div id=\"ngg-image-0\" class=\"ngg-gallery-thumbnail-box\" >\n\t\t\t\t        <div class=\"ngg-gallery-thumbnail\">\n            <a href=\"https:\/\/www.gartenimker.de\/wp-content\/gallery\/honigernte\/imker_01.jpg\"\n               title=\"\"\n               data-src=\"https:\/\/www.gartenimker.de\/wp-content\/gallery\/honigernte\/imker_01.jpg\"\n               data-thumbnail=\"https:\/\/www.gartenimker.de\/wp-content\/gallery\/honigernte\/thumbs\/thumbs_imker_01.jpg\"\n               data-image-id=\"174\"\n               data-title=\"imker_01\"\n               data-description=\"\"\n               data-image-slug=\"imker_01-3\"\n               class=\"ngg-fancybox\" rel=\"b6a5ba423c3fcef168c0b9c6b8154949\">\n                <img\n                    title=\"imker_01\"\n                    alt=\"imker_01\"\n                    src=\"https:\/\/www.gartenimker.de\/wp-content\/gallery\/honigernte\/thumbs\/thumbs_imker_01.jpg\"\n                    width=\"120\"\n                    height=\"90\"\n                    style=\"max-width:100%;\"\n                \/>\n            <\/a>\n        <\/div>\n\t\t\t\t\t\t\t<\/div> \n\t\t\t\n        \n\t\t\t\t<div id=\"ngg-image-1\" class=\"ngg-gallery-thumbnail-box\" >\n\t\t\t\t        <div class=\"ngg-gallery-thumbnail\">\n            <a href=\"https:\/\/www.gartenimker.de\/wp-content\/gallery\/honigernte\/Honig_26.JPG\"\n               title=\"\"\n               data-src=\"https:\/\/www.gartenimker.de\/wp-content\/gallery\/honigernte\/Honig_26.JPG\"\n               data-thumbnail=\"https:\/\/www.gartenimker.de\/wp-content\/gallery\/honigernte\/thumbs\/thumbs_Honig_26.JPG\"\n               data-image-id=\"172\"\n               data-title=\"Honig_26\"\n               data-description=\"\"\n               data-image-slug=\"honig_26-3\"\n               class=\"ngg-fancybox\" rel=\"b6a5ba423c3fcef168c0b9c6b8154949\">\n                <img\n                    title=\"Honig_26\"\n                    alt=\"Honig_26\"\n                    src=\"https:\/\/www.gartenimker.de\/wp-content\/gallery\/honigernte\/thumbs\/thumbs_Honig_26.JPG\"\n                    width=\"120\"\n                    height=\"90\"\n                    style=\"max-width:100%;\"\n                \/>\n            <\/a>\n        <\/div>\n\t\t\t\t\t\t\t<\/div> \n\t\t\t\n        \n\t\t\t\t<div id=\"ngg-image-2\" class=\"ngg-gallery-thumbnail-box\" >\n\t\t\t\t        <div class=\"ngg-gallery-thumbnail\">\n            <a href=\"https:\/\/www.gartenimker.de\/wp-content\/gallery\/honigernte\/imker_02.jpg\"\n               title=\"\"\n               data-src=\"https:\/\/www.gartenimker.de\/wp-content\/gallery\/honigernte\/imker_02.jpg\"\n               data-thumbnail=\"https:\/\/www.gartenimker.de\/wp-content\/gallery\/honigernte\/thumbs\/thumbs_imker_02.jpg\"\n               data-image-id=\"175\"\n               data-title=\"imker_02\"\n               data-description=\"\"\n               data-image-slug=\"imker_02-3\"\n               class=\"ngg-fancybox\" rel=\"b6a5ba423c3fcef168c0b9c6b8154949\">\n                <img\n                    title=\"imker_02\"\n                    alt=\"imker_02\"\n                    src=\"https:\/\/www.gartenimker.de\/wp-content\/gallery\/honigernte\/thumbs\/thumbs_imker_02.jpg\"\n                    width=\"120\"\n                    height=\"90\"\n                    style=\"max-width:100%;\"\n                \/>\n            <\/a>\n        <\/div>\n\t\t\t\t\t\t\t<\/div> \n\t\t\t\n        \n\t\t\t\t<div id=\"ngg-image-3\" class=\"ngg-gallery-thumbnail-box\" >\n\t\t\t\t        <div class=\"ngg-gallery-thumbnail\">\n            <a href=\"https:\/\/www.gartenimker.de\/wp-content\/gallery\/honigernte\/imker_03.jpg\"\n               title=\"\"\n               data-src=\"https:\/\/www.gartenimker.de\/wp-content\/gallery\/honigernte\/imker_03.jpg\"\n               data-thumbnail=\"https:\/\/www.gartenimker.de\/wp-content\/gallery\/honigernte\/thumbs\/thumbs_imker_03.jpg\"\n               data-image-id=\"176\"\n               data-title=\"imker_03\"\n               data-description=\"\"\n               data-image-slug=\"imker_03-3\"\n               class=\"ngg-fancybox\" rel=\"b6a5ba423c3fcef168c0b9c6b8154949\">\n                <img\n                    title=\"imker_03\"\n                    alt=\"imker_03\"\n                    src=\"https:\/\/www.gartenimker.de\/wp-content\/gallery\/honigernte\/thumbs\/thumbs_imker_03.jpg\"\n                    width=\"120\"\n                    height=\"90\"\n                    style=\"max-width:100%;\"\n                \/>\n            <\/a>\n        <\/div>\n\t\t\t\t\t\t\t<\/div> \n\t\t\t\n        \n\t\t\t\t<div id=\"ngg-image-4\" class=\"ngg-gallery-thumbnail-box\" >\n\t\t\t\t        <div class=\"ngg-gallery-thumbnail\">\n            <a href=\"https:\/\/www.gartenimker.de\/wp-content\/gallery\/honigernte\/Honig_23.JPG\"\n               title=\"\"\n               data-src=\"https:\/\/www.gartenimker.de\/wp-content\/gallery\/honigernte\/Honig_23.JPG\"\n               data-thumbnail=\"https:\/\/www.gartenimker.de\/wp-content\/gallery\/honigernte\/thumbs\/thumbs_Honig_23.JPG\"\n               data-image-id=\"171\"\n               data-title=\"Honig_23\"\n               data-description=\"\"\n               data-image-slug=\"honig_23-3\"\n               class=\"ngg-fancybox\" rel=\"b6a5ba423c3fcef168c0b9c6b8154949\">\n                <img\n                    title=\"Honig_23\"\n                    alt=\"Honig_23\"\n                    src=\"https:\/\/www.gartenimker.de\/wp-content\/gallery\/honigernte\/thumbs\/thumbs_Honig_23.JPG\"\n                    width=\"120\"\n                    height=\"90\"\n                    style=\"max-width:100%;\"\n                \/>\n            <\/a>\n        <\/div>\n\t\t\t\t\t\t\t<\/div> \n\t\t\t\n        \n\t\t\n\t\t<!-- Pagination -->\n\t<div class='ngg-clear'><\/div>\t<\/div>\n\n","protected":false},"excerpt":{"rendered":"<p>&#8230;&nbsp;und Verarbeitung Ich bin, obwohl ich inzwischen 3 Standpl\u00e4tze habe, Standimker. Wanderimker haben einen Bienenwagen mit dem sie in die verschiedenen (ma\u00dfen) Trachten wie z.B. Obst, Raps oder Sonnenblume wandern.Da ich nicht in die Monokulturen wandere kann ich auch keine sortenreinen Honige ernten, so einfach ist das! In meiner kleinen Imkerei kann ich in guten [&hellip;]<\/p>\n","protected":false},"author":1,"featured_media":0,"parent":40,"menu_order":3,"comment_status":"closed","ping_status":"closed","template":"page-templates\/full-width.php","meta":{"ngg_post_thumbnail":0},"_links":{"self":[{"href":"https:\/\/www.gartenimker.de\/index.php?rest_route=\/wp\/v2\/pages\/44"}],"collection":[{"href":"https:\/\/www.gartenimker.de\/index.php?rest_route=\/wp\/v2\/pages"}],"about":[{"href":"https:\/\/www.gartenimker.de\/index.php?rest_route=\/wp\/v2\/types\/page"}],"author":[{"embeddable":true,"href":"https:\/\/www.gartenimker.de\/index.php?rest_route=\/wp\/v2\/users\/1"}],"replies":[{"embeddable":true,"href":"https:\/\/www.gartenimker.de\/index.php?rest_route=%2Fwp%2Fv2%2Fcomments&post=44"}],"version-history":[{"count":17,"href":"https:\/\/www.gartenimker.de\/index.php?rest_route=\/wp\/v2\/pages\/44\/revisions"}],"predecessor-version":[{"id":972,"href":"https:\/\/www.gartenimker.de\/index.php?rest_route=\/wp\/v2\/pages\/44\/revisions\/972"}],"up":[{"embeddable":true,"href":"https:\/\/www.gartenimker.de\/index.php?rest_route=\/wp\/v2\/pages\/40"}],"wp:attachment":[{"href":"https:\/\/www.gartenimker.de\/index.php?rest_route=%2Fwp%2Fv2%2Fmedia&parent=44"}],"curies":[{"name":"wp","href":"https:\/\/api.w.org\/{rel}","templated":true}]}}