{"id":9,"date":"2014-08-15T11:13:04","date_gmt":"2014-08-15T09:13:04","guid":{"rendered":"http:\/\/www.gartenimker.de\/\/?page_id=9"},"modified":"2021-09-15T10:31:57","modified_gmt":"2021-09-15T08:31:57","slug":"wetter","status":"publish","type":"page","link":"https:\/\/www.gartenimker.de\/?page_id=9","title":{"rendered":"Wetter"},"content":{"rendered":"<h2 style=\"color: #333333;\"><b><span style=\"text-decoration: underline;\">Das Wetter bei den Bienen&#8230;.<\/span><\/b><\/h2>\n<p style=\"color: #333333;\"><span class=\"textbg\">Eine kleine Wetterstation, installiert direkt an der Imkerh\u00fctte schickt die Wetterdaten aktuell<br \/>(alle 15 Minuten) hier auf diese Internetseite. (&#8230;sofern das UMTS-Netz funktioniert)<\/span><\/p>\n<p>Link zur Wetterseite:&nbsp;<a href=\"http:\/\/wetter.gartenimker.de\/\">http:\/\/wetter.gartenimker.de\/<\/a><\/p>\n<h3>Wetter\u00fcbersicht, Tageswerte vom: Error!<\/h3>\n<p><b>Tagesl\u00e4nge: Error! Stunden<\/b><br \/>Sonnenaufgang:&nbsp; Error!<br \/>Sonnenuntergang:&nbsp; Error!<\/p>\n<p>Morgend\u00e4mmerung:&nbsp; Error!<br \/>Abendd\u00e4mmerung:&nbsp; Error!<\/p>\n<p>Mondaufgang:&nbsp; Error!&nbsp; Mondalter: Error! Tage<br \/>Monduntergang:&nbsp; Error!&nbsp; Mondphase: Error! %<\/p>\n<table border=\"1\" cellspacing=\"0\" cellpadding=\"2\">\n<tbody>\n<tr>\n<td align=\"center\" valign=\"middle\" width=\"120\" height=\"25\">&nbsp;<\/td>\n<td align=\"center\" valign=\"middle\" width=\"110\" height=\"25\"><b>aktuell<\/b><\/td>\n<td align=\"center\" valign=\"middle\" width=\"110\" height=\"25\"><b>minimal<\/b><\/td>\n<td align=\"center\" valign=\"middle\" width=\"110\" height=\"25\"><b>maximal<\/b><\/td>\n<td align=\"center\" valign=\"middle\" width=\"110\" height=\"25\"><b>durchschnitt<\/b><\/td>\n<\/tr>\n<tr>\n<td align=\"center\" valign=\"middle\" width=\"120\" height=\"25\"><b>Temperatur<\/b><\/td>\n<td align=\"center\" valign=\"middle\" width=\"110\" height=\"25\">Error! \u00b0C<\/td>\n<td align=\"center\" valign=\"middle\" width=\"110\" height=\"25\">Error! \u00b0C<\/td>\n<td align=\"center\" valign=\"middle\" width=\"110\" height=\"25\">Error! \u00b0C<\/td>\n<td align=\"center\" valign=\"middle\" width=\"110\" height=\"25\">Error! \u00b0C<\/td>\n<\/tr>\n<tr>\n<td align=\"center\" valign=\"middle\" width=\"120\" height=\"25\"><b>Luftfeuchte<\/b><\/td>\n<td align=\"center\" valign=\"middle\" width=\"110\" height=\"25\">Error! %<\/td>\n<td align=\"center\" valign=\"middle\" width=\"110\" height=\"25\">Error! %<\/td>\n<td align=\"center\" valign=\"middle\" width=\"110\" height=\"25\">Error! %<\/td>\n<td align=\"center\" valign=\"middle\" width=\"110\" height=\"25\">Error! %<\/td>\n<\/tr>\n<tr>\n<td align=\"center\" valign=\"middle\" width=\"120\" height=\"25\"><b>Taupunkt<\/b><\/td>\n<td align=\"center\" valign=\"middle\" width=\"110\" height=\"25\">Error! \u00b0C<\/td>\n<td align=\"center\" valign=\"middle\" width=\"110\" height=\"25\">Error! \u00b0C<\/td>\n<td align=\"center\" valign=\"middle\" width=\"110\" height=\"25\">Error! \u00b0C<\/td>\n<td align=\"center\" valign=\"middle\" width=\"110\" height=\"25\">Error! \u00b0C<\/td>\n<\/tr>\n<tr>\n<td align=\"center\" valign=\"middle\" width=\"120\" height=\"25\"><b>Luftdruck<\/b><\/td>\n<td align=\"center\" valign=\"middle\" width=\"110\" height=\"25\">Error! hPa<\/td>\n<td align=\"center\" valign=\"middle\" width=\"110\" height=\"25\">Error! hPa<\/td>\n<td align=\"center\" valign=\"middle\" width=\"110\" height=\"25\">Error! hPa<\/td>\n<td align=\"center\" valign=\"middle\" width=\"110\" height=\"25\">Error! hPa<\/td>\n<\/tr>\n<\/tbody>\n<\/table>\n<table border=\"1\" cellspacing=\"0\" cellpadding=\"2\">\n<tbody>\n<tr>\n<th rowspan=\"2\" width=\"120\"><b>Regen<\/b><\/th>\n<td align=\"center\" valign=\"middle\" width=\"110\" height=\"25\"><b>letzte Stunde <\/b><\/td>\n<td align=\"center\" valign=\"middle\" width=\"110\" height=\"25\"><b>letzte 24h <\/b><\/td>\n<td align=\"center\" valign=\"middle\" width=\"110\" height=\"25\"><b>Rate, letzte Stunde <\/b><\/td>\n<td align=\"center\" valign=\"middle\" width=\"110\" height=\"25\"><b>Rate, letzte 24h <\/b><\/td>\n<\/tr>\n<tr>\n<td align=\"center\" valign=\"middle\" width=\"110\" height=\"25\">Error! mm<\/td>\n<td align=\"center\" valign=\"middle\" width=\"110\" height=\"25\">Error! mm<\/td>\n<td align=\"center\" valign=\"middle\" width=\"110\" height=\"25\">Error! mm\/h<\/td>\n<td align=\"center\" valign=\"middle\" width=\"110\" height=\"25\">Error! mm\/h<\/td>\n<\/tr>\n<\/tbody>\n<\/table>\n<p><!-- --><\/p>\n<table border=\"1\" cellspacing=\"0\" cellpadding=\"2\">\n<tbody>\n<tr>\n<td align=\"center\" valign=\"middle\" width=\"176\" height=\"25\">&nbsp;<\/td>\n<td align=\"center\" valign=\"middle\" width=\"130\" height=\"25\"><b>aktuell<\/b><\/td>\n<td align=\"center\" valign=\"middle\" width=\"130\" height=\"25\"><b>durchschnitt<\/b><\/td>\n<td align=\"center\" valign=\"middle\" width=\"130\" height=\"25\"><b>maximal<\/b><\/td>\n<\/tr>\n<tr>\n<th rowspan=\"2\" width=\"176\"><b>Windb\u00f6en<\/b><\/th>\n<td align=\"center\" valign=\"middle\" width=\"130\" height=\"25\">Error! m\/s<\/td>\n<td align=\"center\" valign=\"middle\" width=\"130\" height=\"25\">Error! m\/s<\/td>\n<td align=\"center\" valign=\"middle\" width=\"130\" height=\"25\">Error! m\/s<\/td>\n<\/tr>\n<tr>\n<td align=\"center\" valign=\"middle\" width=\"130\" height=\"25\">Error! km\/h<\/td>\n<td align=\"center\" valign=\"middle\" width=\"130\" height=\"25\">Error! km\/h<\/td>\n<td align=\"center\" valign=\"middle\" width=\"130\" height=\"25\">Error! km\/h<\/td>\n<\/tr>\n<tr>\n<th rowspan=\"2\" width=\"176\"><b>Windgeschwindigkeit<\/b><\/th>\n<td align=\"center\" valign=\"middle\" width=\"130\" height=\"25\">Error! m\/s<\/td>\n<td align=\"center\" valign=\"middle\" width=\"130\" height=\"25\">Error! m\/s<\/td>\n<td align=\"center\" valign=\"middle\" width=\"130\" height=\"25\">Error! m\/s<\/td>\n<\/tr>\n<tr>\n<td align=\"center\" valign=\"middle\" width=\"130\" height=\"25\">Error! km\/h<\/td>\n<td align=\"center\" valign=\"middle\" width=\"130\" height=\"25\">Error! km\/h<\/td>\n<td align=\"center\" valign=\"middle\" width=\"130\" height=\"25\">Error! km\/h<\/td>\n<\/tr>\n<tr>\n<td align=\"center\" valign=\"middle\" width=\"176\" height=\"25\"><b>Wind-Chill<\/b><\/td>\n<td align=\"center\" valign=\"middle\" width=\"130\" height=\"25\">Error! \u00b0C<\/td>\n<td align=\"center\" valign=\"middle\" width=\"130\" height=\"25\">Error! \u00b0C<\/td>\n<td align=\"center\" valign=\"middle\" width=\"130\" height=\"25\">Error! \u00b0C<\/td>\n<\/tr>\n<\/tbody>\n<\/table>\n\n\n<p><\/p>\n","protected":false},"excerpt":{"rendered":"<p>Das Wetter bei den Bienen&#8230;. Eine kleine Wetterstation, installiert direkt an der Imkerh\u00fctte schickt die Wetterdaten aktuell(alle 15 Minuten) hier auf diese Internetseite. (&#8230;sofern das UMTS-Netz funktioniert) Link zur Wetterseite:&nbsp;http:\/\/wetter.gartenimker.de\/ Wetter\u00fcbersicht, Tageswerte vom: Tagesl\u00e4nge: StundenSonnenaufgang:&nbsp; Sonnenuntergang:&nbsp; Morgend\u00e4mmerung:&nbsp; Abendd\u00e4mmerung:&nbsp; Mondaufgang:&nbsp; &nbsp; Mondalter: TageMonduntergang:&nbsp; &nbsp; Mondphase: % &nbsp; aktuell minimal maximal durchschnitt Temperatur \u00b0C \u00b0C \u00b0C \u00b0C [&hellip;]<\/p>\n","protected":false},"author":1,"featured_media":0,"parent":0,"menu_order":0,"comment_status":"closed","ping_status":"closed","template":"page-templates\/full-width.php","meta":{"ngg_post_thumbnail":0},"_links":{"self":[{"href":"https:\/\/www.gartenimker.de\/index.php?rest_route=\/wp\/v2\/pages\/9"}],"collection":[{"href":"https:\/\/www.gartenimker.de\/index.php?rest_route=\/wp\/v2\/pages"}],"about":[{"href":"https:\/\/www.gartenimker.de\/index.php?rest_route=\/wp\/v2\/types\/page"}],"author":[{"embeddable":true,"href":"https:\/\/www.gartenimker.de\/index.php?rest_route=\/wp\/v2\/users\/1"}],"replies":[{"embeddable":true,"href":"https:\/\/www.gartenimker.de\/index.php?rest_route=%2Fwp%2Fv2%2Fcomments&post=9"}],"version-history":[{"count":6,"href":"https:\/\/www.gartenimker.de\/index.php?rest_route=\/wp\/v2\/pages\/9\/revisions"}],"predecessor-version":[{"id":979,"href":"https:\/\/www.gartenimker.de\/index.php?rest_route=\/wp\/v2\/pages\/9\/revisions\/979"}],"wp:attachment":[{"href":"https:\/\/www.gartenimker.de\/index.php?rest_route=%2Fwp%2Fv2%2Fmedia&parent=9"}],"curies":[{"name":"wp","href":"https:\/\/api.w.org\/{rel}","templated":true}]}}